{"id":1464,"date":"2021-03-08T16:42:53","date_gmt":"2021-03-08T21:42:53","guid":{"rendered":"http:\/\/texoint.com\/?page_id=1464"},"modified":"2023-04-17T21:07:43","modified_gmt":"2023-04-18T02:07:43","slug":"tuberia-estructural","status":"publish","type":"page","link":"https:\/\/texoint.com\/us\/tuberia-estructural\/","title":{"rendered":"Structural pipe"},"content":{"rendered":"<div data-vc-full-width=\"true\" data-vc-full-width-init=\"false\" class=\"vc_row wpb_row vc_row-fluid vc_custom_1615239751660 vc_row-has-fill\"><div class=\"wpb_column vc_column_container vc_col-sm-6\"><div class=\"vc_column-inner\"><div class=\"wpb_wrapper\"><\/div><\/div><\/div><div class=\"wpb_column vc_column_container vc_col-sm-6\"><div class=\"vc_column-inner\"><div class=\"wpb_wrapper\">\n\t<div class=\"wpb_text_column wpb_content_element vc_custom_1681783416984\" >\n\t\t<div class=\"wpb_wrapper\">\n\t\t\t<h1 class=\"big-title translation-block\">Structural<br>Pipe<\/h1>\n<h1><span style=\"color: #ffffff;\">These are sections manufactured from hot rolled steel sheets and welded by high frequency induction (ERW) and formed by direct forming technology.<\/span><\/h1>\n\n\t\t<\/div>\n\t<\/div>\n<\/div><\/div><\/div><\/div><div class=\"vc_row-full-width vc_clearfix\"><\/div><div class=\"vc_row wpb_row vc_row-fluid vc_row-o-content-middle vc_row-flex\"><div class=\"wpb_column vc_column_container vc_col-sm-3\"><div class=\"vc_column-inner\"><div class=\"wpb_wrapper\">\n\t<div  data-parallax=\"{\"y\":80,\"smoothness\":30}\" class=\"wpb_single_image wpb_content_element vc_align_center\">\n\t\t\n\t\t<figure class=\"wpb_wrapper vc_figure\">\n\t\t\t<div class=\"vc_single_image-wrapper   vc_box_border_grey\"><img width=\"600\" height=\"438\" src=\"https:\/\/texoint.com\/wp-content\/uploads\/2020\/12\/3.jpg\" class=\"vc_single_image-img attachment-full\" alt=\"\" loading=\"lazy\" srcset=\"https:\/\/texoint.com\/wp-content\/uploads\/2020\/12\/3.jpg 600w, https:\/\/texoint.com\/wp-content\/uploads\/2020\/12\/3-300x219.jpg 300w\" sizes=\"(max-width: 600px) 100vw, 600px\" \/><\/div>\n\t\t<\/figure>\n\t<\/div>\n<\/div><\/div><\/div><div class=\"wpb_column vc_column_container vc_col-sm-9\"><div class=\"vc_column-inner vc_custom_1615238926605\"><div class=\"wpb_wrapper\">\n\t<div class=\"wpb_text_column wpb_content_element vc_custom_1615239665945\" >\n\t\t<div class=\"wpb_wrapper\">\n\t\t\t<h2><strong>Features.<\/strong><\/h2>\n<ul>\n<li>Higher strength and lower weight<\/li>\n<li>More efficient in the construction process.<\/li>\n<li>Recyclable<\/li>\n<li>Permits visible elements and excellent finishes.<\/li>\n<li>Suitable for torsion and compression.<\/li>\n<\/ul>\n<h2><strong>Dimensions:<\/strong><\/h2>\n<p><strong>Rectangular pipe<\/strong><\/p>\n<p>From 25mm x 20mm to 600mm x 400mm \/ wall thickness from 1.0mm to 15mm<\/p>\n<p><strong>Square pipe<\/strong><\/p>\n<p>From 25mm x 20mm to 600mm x 400mm \/ wall thickness from 1.0mm to 15mm<\/p>\n\n\t\t<\/div>\n\t<\/div>\n<\/div><\/div><\/div><\/div>","protected":false},"excerpt":{"rendered":"Tuber\u00eda Estructural Son secciones fabricadas a partir de l\u00e1minas de acero laminado en caliente y soldadas por inducci\u00f3n de alta","protected":false},"author":4,"featured_media":0,"parent":0,"menu_order":0,"comment_status":"closed","ping_status":"closed","template":"","meta":{"_monsterinsights_skip_tracking":false,"_monsterinsights_sitenote_active":false,"_monsterinsights_sitenote_note":"","_monsterinsights_sitenote_category":0},"_links":{"self":[{"href":"https:\/\/texoint.com\/us\/wp-json\/wp\/v2\/pages\/1464"}],"collection":[{"href":"https:\/\/texoint.com\/us\/wp-json\/wp\/v2\/pages"}],"about":[{"href":"https:\/\/texoint.com\/us\/wp-json\/wp\/v2\/types\/page"}],"author":[{"embeddable":true,"href":"https:\/\/texoint.com\/us\/wp-json\/wp\/v2\/users\/4"}],"replies":[{"embeddable":true,"href":"https:\/\/texoint.com\/us\/wp-json\/wp\/v2\/comments?post=1464"}],"version-history":[{"count":4,"href":"https:\/\/texoint.com\/us\/wp-json\/wp\/v2\/pages\/1464\/revisions"}],"predecessor-version":[{"id":3218,"href":"https:\/\/texoint.com\/us\/wp-json\/wp\/v2\/pages\/1464\/revisions\/3218"}],"wp:attachment":[{"href":"https:\/\/texoint.com\/us\/wp-json\/wp\/v2\/media?parent=1464"}],"curies":[{"name":"wp","href":"https:\/\/api.w.org\/{rel}","templated":true}]}}