{"id":1484,"date":"2021-03-09T11:09:37","date_gmt":"2021-03-09T16:09:37","guid":{"rendered":"http:\/\/texoint.com\/?page_id=1484"},"modified":"2021-12-10T12:05:39","modified_gmt":"2021-12-10T17:05:39","slug":"lamina-galvanizada-y-galvalume","status":"publish","type":"page","link":"https:\/\/texoint.com\/us\/lamina-galvanizada-y-galvalume\/","title":{"rendered":"Lamina Galvanizada y Galvalume"},"content":{"rendered":"<div data-vc-full-width=\"true\" data-vc-full-width-init=\"false\" class=\"vc_row wpb_row vc_row-fluid vc_custom_1615304870170 vc_row-has-fill\"><div class=\"wpb_column vc_column_container vc_col-sm-6\"><div class=\"vc_column-inner\"><div class=\"wpb_wrapper\"><\/div><\/div><\/div><div class=\"wpb_column vc_column_container vc_col-sm-6\"><div class=\"vc_column-inner\"><div class=\"wpb_wrapper\">\n\t<div class=\"wpb_text_column wpb_content_element vc_custom_1639155902984\" >\n\t\t<div class=\"wpb_wrapper\">\n\t\t\t<h1><span class=\"big-title\" style=\"color: #ffffff; font-size: 80px;\">Galvanized and Galvalume coil\/sheet<\/span><\/h1>\n<h1><span style=\"color: #ffffff;\">These sheets have a high resistance to corrosion provided by the zinc, aluminum-zinc and aluminum-zinc coverings. <\/span><\/h1>\n\n\t\t<\/div>\n\t<\/div>\n<\/div><\/div><\/div><\/div><div class=\"vc_row-full-width vc_clearfix\"><\/div><div class=\"vc_row wpb_row vc_row-fluid vc_row-o-content-middle vc_row-flex\"><div class=\"wpb_column vc_column_container vc_col-sm-3\"><div class=\"vc_column-inner\"><div class=\"wpb_wrapper\">\n\t<div  data-parallax=\"{\"y\":80,\"smoothness\":30}\" class=\"wpb_single_image wpb_content_element vc_align_center\">\n\t\t\n\t\t<figure class=\"wpb_wrapper vc_figure\">\n\t\t\t<div class=\"vc_single_image-wrapper   vc_box_border_grey\"><img width=\"600\" height=\"438\" src=\"https:\/\/texoint.com\/wp-content\/uploads\/2021\/03\/5.jpg\" class=\"vc_single_image-img attachment-full\" alt=\"\" loading=\"lazy\" srcset=\"https:\/\/texoint.com\/wp-content\/uploads\/2021\/03\/5.jpg 600w, https:\/\/texoint.com\/wp-content\/uploads\/2021\/03\/5-300x219.jpg 300w\" sizes=\"(max-width: 600px) 100vw, 600px\" \/><\/div>\n\t\t<\/figure>\n\t<\/div>\n<\/div><\/div><\/div><div class=\"wpb_column vc_column_container vc_col-sm-9\"><div class=\"vc_column-inner vc_custom_1615238926605\"><div class=\"wpb_wrapper\">\n\t<div class=\"wpb_text_column wpb_content_element vc_custom_1639155932734\" >\n\t\t<div class=\"wpb_wrapper\">\n\t\t\t<h2><strong>Features.<\/strong><\/h2>\n<ul>\n<li>Excellent corrosion resistance with very good forming properties.<\/li>\n<li>High environmental protection and high durability.<\/li>\n<li>Exceptional appearance with a glossy finish and good solar reflectance.<\/li>\n<li>High temperature resistant materials<\/li>\n<li>Suitable for the application of paint coatings and other coatings.<\/li>\n<\/ul>\n<h2><strong>Dimensions:<\/strong><\/h2>\n<p><strong>Roll:<\/strong>Thickness from 0.28mm to 0.80mm \/ Width from 800mm to 1250mm.<\/p>\n<p><strong>Sheet:<\/strong>Thickness from 0.13mm to 0.30mm \/ Width from 800mm to 1000mm \/ Length from 2040 to 3660mm.<\/p>\n\n\t\t<\/div>\n\t<\/div>\n<\/div><\/div><\/div><\/div>","protected":false},"excerpt":{"rendered":"L\u00e1mina Galvanizada y Galvalume Estas l\u00e1minas presentan una alta resistencia a la corrosi\u00f3n que le brinda los revestimientos de zinc,","protected":false},"author":4,"featured_media":0,"parent":0,"menu_order":0,"comment_status":"closed","ping_status":"closed","template":"","meta":{"_monsterinsights_skip_tracking":false,"_monsterinsights_sitenote_active":false,"_monsterinsights_sitenote_note":"","_monsterinsights_sitenote_category":0},"_links":{"self":[{"href":"https:\/\/texoint.com\/us\/wp-json\/wp\/v2\/pages\/1484"}],"collection":[{"href":"https:\/\/texoint.com\/us\/wp-json\/wp\/v2\/pages"}],"about":[{"href":"https:\/\/texoint.com\/us\/wp-json\/wp\/v2\/types\/page"}],"author":[{"embeddable":true,"href":"https:\/\/texoint.com\/us\/wp-json\/wp\/v2\/users\/4"}],"replies":[{"embeddable":true,"href":"https:\/\/texoint.com\/us\/wp-json\/wp\/v2\/comments?post=1484"}],"version-history":[{"count":3,"href":"https:\/\/texoint.com\/us\/wp-json\/wp\/v2\/pages\/1484\/revisions"}],"predecessor-version":[{"id":1635,"href":"https:\/\/texoint.com\/us\/wp-json\/wp\/v2\/pages\/1484\/revisions\/1635"}],"wp:attachment":[{"href":"https:\/\/texoint.com\/us\/wp-json\/wp\/v2\/media?parent=1484"}],"curies":[{"name":"wp","href":"https:\/\/api.w.org\/{rel}","templated":true}]}}