{"id":1504,"date":"2021-03-10T12:24:32","date_gmt":"2021-03-10T17:24:32","guid":{"rendered":"http:\/\/texoint.com\/?page_id=1504"},"modified":"2023-04-17T20:01:24","modified_gmt":"2023-04-18T01:01:24","slug":"lamina-hot-rolled-y-cold-rolled","status":"publish","type":"page","link":"https:\/\/texoint.com\/us\/lamina-hot-rolled-y-cold-rolled\/","title":{"rendered":"Lamina Hot Rolled y Cold Rolled"},"content":{"rendered":"<div data-vc-full-width=\"true\" data-vc-full-width-init=\"false\" class=\"vc_row wpb_row vc_row-fluid vc_custom_1615396823802 vc_row-has-fill\"><div class=\"wpb_column vc_column_container vc_col-sm-6\"><div class=\"vc_column-inner\"><div class=\"wpb_wrapper\"><\/div><\/div><\/div><div class=\"wpb_column vc_column_container vc_col-sm-6\"><div class=\"vc_column-inner\"><div class=\"wpb_wrapper\">\n\t<div class=\"wpb_text_column wpb_content_element vc_custom_1639157331065\" >\n\t\t<div class=\"wpb_wrapper\">\n\t\t\t<h1><span class=\"big-title\" style=\"color: #ffffff; font-size: 80px;\">Hot rolled and cold rolled coil\/sheet<\/span><\/h1>\n<h1><span style=\"color: #ffffff;\">Steel obtained through metallurgical lamination processes and chemical processes, achieving a type of steel with a \nwide range of applications, ideal for the manufacture of pipes, household appliances, profiles, structures, machinery, etc.<\/span><\/h1>\n\n\t\t<\/div>\n\t<\/div>\n<\/div><\/div><\/div><\/div><div class=\"vc_row-full-width vc_clearfix\"><\/div><div class=\"vc_row wpb_row vc_row-fluid vc_row-o-content-middle vc_row-flex\"><div class=\"wpb_column vc_column_container vc_col-sm-3\"><div class=\"vc_column-inner\"><div class=\"wpb_wrapper\">\n\t<div  data-parallax=\"{\"y\":80,\"smoothness\":30}\" class=\"wpb_single_image wpb_content_element vc_align_center\">\n\t\t\n\t\t<figure class=\"wpb_wrapper vc_figure\">\n\t\t\t<div class=\"vc_single_image-wrapper   vc_box_border_grey\"><img width=\"600\" height=\"439\" src=\"https:\/\/texoint.com\/wp-content\/uploads\/2023\/04\/Lamina_Vector_253x-185-1.jpg\" class=\"vc_single_image-img attachment-full\" alt=\"\" loading=\"lazy\" srcset=\"https:\/\/texoint.com\/wp-content\/uploads\/2023\/04\/Lamina_Vector_253x-185-1.jpg 600w, https:\/\/texoint.com\/wp-content\/uploads\/2023\/04\/Lamina_Vector_253x-185-1-300x220.jpg 300w, https:\/\/texoint.com\/wp-content\/uploads\/2023\/04\/Lamina_Vector_253x-185-1-16x12.jpg 16w\" sizes=\"(max-width: 600px) 100vw, 600px\" \/><\/div>\n\t\t<\/figure>\n\t<\/div>\n<\/div><\/div><\/div><div class=\"wpb_column vc_column_container vc_col-sm-9\"><div class=\"vc_column-inner vc_custom_1615238926605\"><div class=\"wpb_wrapper\">\n\t<div class=\"wpb_text_column wpb_content_element vc_custom_1639157093584\" >\n\t\t<div class=\"wpb_wrapper\">\n\t\t\t<h2><strong>Features.<\/strong><\/h2>\n<ul>\n<li>Good forming properties.<\/li>\n<li>Different presentations that allow a wide range of applications.<\/li>\n<li>Surface appearance that allows excellent finishes.<\/li>\n<li>Easy integration with other construction systems.<\/li>\n<\/ul>\n<h2><strong>Dimensions:<\/strong><\/h2>\n<p><strong>Hot Rolled steel:<\/strong><\/p>\n<p><strong>In coil:<\/strong> Width from 1000mm to 1220mm \/ Thickness from 1.2mm to 6mm.<\/p>\n<p><strong>In sheet:<\/strong> Width from 1000mm to 1220mm \/ Length from 2000mm to 2440mm \/ Thickness from 1.2 to 9mm.<\/p>\n<p><strong>In Sheet:<\/strong> Width from 1830mm to 2440mm \/ Lengths from 6100mm and up \/ Thicknesses from 4.5 to 38mm<\/p>\n<p><strong>Cold Rolled Steel:<\/strong><\/p>\n<p><strong>In Coil:<\/strong> Width from 1000mm up to 1220mm \/ Thickness from 0.31mm to 1.85mm<\/p>\n<p><strong>In strip:<\/strong> Width from 5mm to 900mm \/ Thicknesses from 0.31mm to 1.85mm<\/p>\n<p><strong>In sheet:<\/strong> Width from 1000mm to 1220mm \/ Length from 2000mm to 2440mm \/ Thicknesses from 0.31mm to 1.9mm<\/p>\n\n\t\t<\/div>\n\t<\/div>\n<\/div><\/div><\/div><\/div>","protected":false},"excerpt":{"rendered":"L\u00e1mina Hot Rolled y Cold Rolled Aceros obtenidos a trav\u00e9s de procesos metal\u00fargicos de laminaci\u00f3n y procesos qu\u00edmicos logrando un","protected":false},"author":4,"featured_media":0,"parent":0,"menu_order":0,"comment_status":"closed","ping_status":"closed","template":"","meta":{"_monsterinsights_skip_tracking":false,"_monsterinsights_sitenote_active":false,"_monsterinsights_sitenote_note":"","_monsterinsights_sitenote_category":0},"_links":{"self":[{"href":"https:\/\/texoint.com\/us\/wp-json\/wp\/v2\/pages\/1504"}],"collection":[{"href":"https:\/\/texoint.com\/us\/wp-json\/wp\/v2\/pages"}],"about":[{"href":"https:\/\/texoint.com\/us\/wp-json\/wp\/v2\/types\/page"}],"author":[{"embeddable":true,"href":"https:\/\/texoint.com\/us\/wp-json\/wp\/v2\/users\/4"}],"replies":[{"embeddable":true,"href":"https:\/\/texoint.com\/us\/wp-json\/wp\/v2\/comments?post=1504"}],"version-history":[{"count":7,"href":"https:\/\/texoint.com\/us\/wp-json\/wp\/v2\/pages\/1504\/revisions"}],"predecessor-version":[{"id":3212,"href":"https:\/\/texoint.com\/us\/wp-json\/wp\/v2\/pages\/1504\/revisions\/3212"}],"wp:attachment":[{"href":"https:\/\/texoint.com\/us\/wp-json\/wp\/v2\/media?parent=1504"}],"curies":[{"name":"wp","href":"https:\/\/api.w.org\/{rel}","templated":true}]}}