{"id":1526,"date":"2021-03-10T12:58:31","date_gmt":"2021-03-10T17:58:31","guid":{"rendered":"http:\/\/texoint.com\/?page_id=1526"},"modified":"2023-04-20T15:55:29","modified_gmt":"2023-04-20T20:55:29","slug":"productos-texo","status":"publish","type":"page","link":"https:\/\/texoint.com\/us\/productos-texo\/","title":{"rendered":"Products"},"content":{"rendered":"<div class=\"vc_row wpb_row vc_row-fluid vc_custom_1615399008844\"><div class=\"wpb_column vc_column_container vc_col-sm-12\"><div class=\"vc_column-inner\"><div class=\"wpb_wrapper\"><div class=\"vc_row wpb_row vc_inner vc_row-fluid vc_custom_1615399002252 vc_column-gap-30\"><div class=\"wpb_column alt-max vc_column_container vc_col-sm-3\"><div class=\"vc_column-inner\"><div class=\"wpb_wrapper\">\t\t<div class=\"promo-banner-wrapper\">\n\t\t\t<div id=\"wd-6441a430b9786\" class=\"promo-banner banner-vr-align-bottom banner-hr-align-right banner- banner-hover-zoom color-scheme-light banner-btn-size-default banner-btn-style-default wd-display-image banner-increased-padding  cursor-pointer\" onclick=\"window.location.href='http:\/\/texoint.com\/us\/lamina-galvanizada-y-galvalume-prepintada\/'\" >\n\n\t\t\t\t<div class=\"main-wrapp-img\">\n\t\t\t\t\t\t\t\t\t\t\t<div class=\"banner-image\">\n\t\t\t\t\t\t\t<img class=\"promo-banner-image\" src=\"https:\/\/texoint.com\/wp-content\/uploads\/2021\/03\/4.jpg\" width=\"600\" height=\"438\" alt=\"4\" title=\"4\" \/>\t\t\t\t\t\t<\/div>\n\t\t\t\t\t\t\t\t\t<\/div>\n\n\t\t\t\t<div class=\"wrapper-content-banner\">\n\t\t\t\t\t<div class=\"content-banner text-right content-width-100\">\n\t\t\t\t\t\t\t<div class=\"banner-title-wrap banner-title-default\"><\/div>\n\t\t\t\t\t\t\t\t\t\t\t\t\t\t\t\t\t<\/div>\n\t\t\t\t<\/div>\n\t\t\t\t\t\t\t<\/div>\n\t\t<\/div>\n\t\t\n\t\t\n\t<div class=\"wpb_text_column wpb_content_element\" >\n\t\t<div class=\"wpb_wrapper\">\n\t\t\t<p style=\"font-size: 20px; font-weight: 400; text-align: center;\">Pre-Painted Galvanized and Galvalume coil\/sheet<\/p>\n\n\t\t<\/div>\n\t<\/div>\n<\/div><\/div><\/div><div class=\"wpb_column vc_column_container vc_col-sm-3\"><div class=\"vc_column-inner\"><div class=\"wpb_wrapper\">\t\t<div class=\"promo-banner-wrapper\">\n\t\t\t<div id=\"wd-6441a4407e0ab\" class=\"promo-banner banner-vr-align-bottom banner-hr-align-right banner- banner-hover-zoom color-scheme-light banner-btn-size-default banner-btn-style-default wd-display-image banner-increased-padding  cursor-pointer\" onclick=\"window.location.href='http:\/\/texoint.com\/us\/lamina-galvanizada-y-galvalume\/'\" >\n\n\t\t\t\t<div class=\"main-wrapp-img\">\n\t\t\t\t\t\t\t\t\t\t\t<div class=\"banner-image\">\n\t\t\t\t\t\t\t<img class=\"promo-banner-image\" src=\"https:\/\/texoint.com\/wp-content\/uploads\/2021\/03\/5.jpg\" width=\"600\" height=\"438\" alt=\"5\" title=\"5\" \/>\t\t\t\t\t\t<\/div>\n\t\t\t\t\t\t\t\t\t<\/div>\n\n\t\t\t\t<div class=\"wrapper-content-banner\">\n\t\t\t\t\t<div class=\"content-banner text-right content-width-100\">\n\t\t\t\t\t\t\t<div class=\"banner-title-wrap banner-title-default\"><\/div>\n\t\t\t\t\t\t\t\t\t\t\t\t\t\t\t\t\t<\/div>\n\t\t\t\t<\/div>\n\t\t\t\t\t\t\t<\/div>\n\t\t<\/div>\n\t\t\n\t\t\n\t<div class=\"wpb_text_column wpb_content_element\" >\n\t\t<div class=\"wpb_wrapper\">\n\t\t\t<p style=\"font-size: 20px; font-weight: 400; text-align: center;\">Galvanized and Galvalume coil\/sheet<\/p>\n\n\t\t<\/div>\n\t<\/div>\n<\/div><\/div><\/div><div class=\"wpb_column vc_column_container vc_col-sm-3\"><div class=\"vc_column-inner\"><div class=\"wpb_wrapper\">\t\t<div class=\"promo-banner-wrapper\">\n\t\t\t<div id=\"wd-6441a44aab3a3\" class=\"promo-banner banner-vr-align-bottom banner-hr-align-right banner- banner-hover-zoom color-scheme-light banner-btn-size-default banner-btn-style-default wd-display-image banner-increased-padding  cursor-pointer\" onclick=\"window.location.href='http:\/\/texoint.com\/us\/teja-galvanizada-y-galvalume\/'\" >\n\n\t\t\t\t<div class=\"main-wrapp-img\">\n\t\t\t\t\t\t\t\t\t\t\t<div class=\"banner-image\">\n\t\t\t\t\t\t\t<img class=\"promo-banner-image\" src=\"https:\/\/texoint.com\/wp-content\/uploads\/2021\/03\/6.jpg\" width=\"600\" height=\"438\" alt=\"6\" title=\"6\" \/>\t\t\t\t\t\t<\/div>\n\t\t\t\t\t\t\t\t\t<\/div>\n\n\t\t\t\t<div class=\"wrapper-content-banner\">\n\t\t\t\t\t<div class=\"content-banner text-right content-width-100\">\n\t\t\t\t\t\t\t<div class=\"banner-title-wrap banner-title-default\"><\/div>\n\t\t\t\t\t\t\t\t\t\t\t\t\t\t\t\t\t<\/div>\n\t\t\t\t<\/div>\n\t\t\t\t\t\t\t<\/div>\n\t\t<\/div>\n\t\t\n\t\t\n\t<div class=\"wpb_text_column wpb_content_element\" >\n\t\t<div class=\"wpb_wrapper\">\n\t\t\t<p style=\"font-size: 20px; font-weight: 400; text-align: center;\">Galvanized and galvalume corrugated sheets<\/p>\n\n\t\t<\/div>\n\t<\/div>\n<\/div><\/div><\/div><div class=\"wpb_column vc_column_container vc_col-sm-3\"><div class=\"vc_column-inner\"><div class=\"wpb_wrapper\">\t\t<div class=\"promo-banner-wrapper\">\n\t\t\t<div id=\"wd-6441a45b194e0\" class=\"promo-banner banner-vr-align-bottom banner-hr-align-right banner- banner-hover-zoom color-scheme-light banner-btn-size-default banner-btn-style-default wd-display-image banner-increased-padding  cursor-pointer\" onclick=\"window.location.href='http:\/\/texoint.com\/us\/teja-pintada-galvanizada-y-galvalume\/'\" >\n\n\t\t\t\t<div class=\"main-wrapp-img\">\n\t\t\t\t\t\t\t\t\t\t\t<div class=\"banner-image\">\n\t\t\t\t\t\t\t<img class=\"promo-banner-image\" src=\"https:\/\/texoint.com\/wp-content\/uploads\/2023\/04\/7.jpg\" width=\"600\" height=\"438\" alt=\"7\" title=\"7\" \/>\t\t\t\t\t\t<\/div>\n\t\t\t\t\t\t\t\t\t<\/div>\n\n\t\t\t\t<div class=\"wrapper-content-banner\">\n\t\t\t\t\t<div class=\"content-banner text-right content-width-100\">\n\t\t\t\t\t\t\t<div class=\"banner-title-wrap banner-title-default\"><\/div>\n\t\t\t\t\t\t\t\t\t\t\t\t\t\t\t\t\t<\/div>\n\t\t\t\t<\/div>\n\t\t\t\t\t\t\t<\/div>\n\t\t<\/div>\n\t\t\n\t\t\n\t<div class=\"wpb_text_column wpb_content_element\" >\n\t\t<div class=\"wpb_wrapper\">\n\t\t\t<p style=\"font-size: 20px; font-weight: 400; text-align: center;\">Pre-painted Galvanized and galvalume corrugated \nsheets<\/p>\n\n\t\t<\/div>\n\t<\/div>\n<\/div><\/div><\/div><\/div><div class=\"vc_row wpb_row vc_inner vc_row-fluid vc_custom_1615399002252 vc_column-gap-30\"><div class=\"wpb_column alt-max vc_column_container vc_col-sm-3\"><div class=\"vc_column-inner\"><div class=\"wpb_wrapper\">\t\t<div class=\"promo-banner-wrapper\">\n\t\t\t<div id=\"wd-6441a467b9150\" class=\"promo-banner banner-vr-align-bottom banner-hr-align-right banner- banner-hover-zoom color-scheme-light banner-btn-size-default banner-btn-style-default wd-display-image banner-increased-padding  cursor-pointer\" onclick=\"window.location.href='http:\/\/texoint.com\/us\/lamina-hot-rolled-y-cold-rolled\/'\" >\n\n\t\t\t\t<div class=\"main-wrapp-img\">\n\t\t\t\t\t\t\t\t\t\t\t<div class=\"banner-image\">\n\t\t\t\t\t\t\t<img class=\"promo-banner-image\" src=\"https:\/\/texoint.com\/wp-content\/uploads\/2023\/04\/Lamina_Vector_253x-185-1.jpg\" width=\"600\" height=\"439\" alt=\"Lamina_Vector_253x-185-1\" title=\"Lamina_Vector_253x-185-1\" \/>\t\t\t\t\t\t<\/div>\n\t\t\t\t\t\t\t\t\t<\/div>\n\n\t\t\t\t<div class=\"wrapper-content-banner\">\n\t\t\t\t\t<div class=\"content-banner text-right content-width-100\">\n\t\t\t\t\t\t\t<div class=\"banner-title-wrap banner-title-default\"><\/div>\n\t\t\t\t\t\t\t\t\t\t\t\t\t\t\t\t\t<\/div>\n\t\t\t\t<\/div>\n\t\t\t\t\t\t\t<\/div>\n\t\t<\/div>\n\t\t\n\t\t\n\t<div class=\"wpb_text_column wpb_content_element\" >\n\t\t<div class=\"wpb_wrapper\">\n\t\t\t<p style=\"font-size: 20px; font-weight: 400; text-align: center;\">Hot rolled and cold rolled coil\/sheet<\/p>\n\n\t\t<\/div>\n\t<\/div>\n<\/div><\/div><\/div><div class=\"wpb_column vc_column_container vc_col-sm-3\"><div class=\"vc_column-inner\"><div class=\"wpb_wrapper\">\t\t<div class=\"promo-banner-wrapper\">\n\t\t\t<div id=\"wd-6441a57cd99d8\" class=\"promo-banner banner-vr-align-bottom banner-hr-align-right banner- banner-hover-zoom color-scheme-light banner-btn-size-default banner-btn-style-default wd-display-image banner-increased-padding  cursor-pointer\" onclick=\"window.location.href='http:\/\/texoint.com\/us\/hojalata\/'\" >\n\n\t\t\t\t<div class=\"main-wrapp-img\">\n\t\t\t\t\t\t\t\t\t\t\t<div class=\"banner-image\">\n\t\t\t\t\t\t\t<img class=\"promo-banner-image\" src=\"https:\/\/texoint.com\/wp-content\/uploads\/2021\/03\/8.jpg\" width=\"600\" height=\"438\" alt=\"8\" title=\"8\" \/>\t\t\t\t\t\t<\/div>\n\t\t\t\t\t\t\t\t\t<\/div>\n\n\t\t\t\t<div class=\"wrapper-content-banner\">\n\t\t\t\t\t<div class=\"content-banner text-right content-width-100\">\n\t\t\t\t\t\t\t<div class=\"banner-title-wrap banner-title-default\"><\/div>\n\t\t\t\t\t\t\t\t\t\t\t\t\t\t\t\t\t<\/div>\n\t\t\t\t<\/div>\n\t\t\t\t\t\t\t<\/div>\n\t\t<\/div>\n\t\t\n\t\t\n\t<div class=\"wpb_text_column wpb_content_element\" >\n\t\t<div class=\"wpb_wrapper\">\n\t\t\t<p style=\"font-size: 20px; font-weight: 400; text-align: center;\">Tinplate<\/p>\n\n\t\t<\/div>\n\t<\/div>\n<\/div><\/div><\/div><div class=\"wpb_column vc_column_container vc_col-sm-3\"><div class=\"vc_column-inner\"><div class=\"wpb_wrapper\">\t\t<div class=\"promo-banner-wrapper\">\n\t\t\t<div id=\"wd-6441a4815958d\" class=\"promo-banner banner-vr-align-bottom banner-hr-align-right banner- banner-hover-zoom color-scheme-light banner-btn-size-default banner-btn-style-default wd-display-image banner-increased-padding  cursor-pointer\" onclick=\"window.location.href='http:\/\/texoint.com\/us\/acero-inoxidable\/'\" >\n\n\t\t\t\t<div class=\"main-wrapp-img\">\n\t\t\t\t\t\t\t\t\t\t\t<div class=\"banner-image\">\n\t\t\t\t\t\t\t<img class=\"promo-banner-image\" src=\"https:\/\/texoint.com\/wp-content\/uploads\/2021\/03\/9.jpg\" width=\"600\" height=\"438\" alt=\"9\" title=\"9\" \/>\t\t\t\t\t\t<\/div>\n\t\t\t\t\t\t\t\t\t<\/div>\n\n\t\t\t\t<div class=\"wrapper-content-banner\">\n\t\t\t\t\t<div class=\"content-banner text-right content-width-100\">\n\t\t\t\t\t\t\t<div class=\"banner-title-wrap banner-title-default\"><\/div>\n\t\t\t\t\t\t\t\t\t\t\t\t\t\t\t\t\t<\/div>\n\t\t\t\t<\/div>\n\t\t\t\t\t\t\t<\/div>\n\t\t<\/div>\n\t\t\n\t\t\n\t<div class=\"wpb_text_column wpb_content_element\" >\n\t\t<div class=\"wpb_wrapper\">\n\t\t\t<p style=\"font-size: 20px; font-weight: 400; text-align: center;\">Stainless steel<\/p>\n\n\t\t<\/div>\n\t<\/div>\n<\/div><\/div><\/div><div class=\"wpb_column vc_column_container vc_col-sm-3\"><div class=\"vc_column-inner\"><div class=\"wpb_wrapper\">\t\t<div class=\"promo-banner-wrapper\">\n\t\t\t<div id=\"wd-6441a48d4c4b4\" class=\"promo-banner banner-vr-align-bottom banner-hr-align-right banner- banner-hover-zoom color-scheme-light banner-btn-size-default banner-btn-style-default wd-display-image banner-increased-padding  cursor-pointer\" onclick=\"window.location.href='https:\/\/texoint.com\/us\/aluminio\/'\" >\n\n\t\t\t\t<div class=\"main-wrapp-img\">\n\t\t\t\t\t\t\t\t\t\t\t<div class=\"banner-image\">\n\t\t\t\t\t\t\t<img class=\"promo-banner-image\" src=\"https:\/\/texoint.com\/wp-content\/uploads\/2023\/02\/Aluminio.jpg\" width=\"600\" height=\"438\" alt=\"Aluminio\" title=\"Aluminum\" \/>\t\t\t\t\t\t<\/div>\n\t\t\t\t\t\t\t\t\t<\/div>\n\n\t\t\t\t<div class=\"wrapper-content-banner\">\n\t\t\t\t\t<div class=\"content-banner text-right content-width-100\">\n\t\t\t\t\t\t\t<div class=\"banner-title-wrap banner-title-default\"><\/div>\n\t\t\t\t\t\t\t\t\t\t\t\t\t\t\t\t\t<\/div>\n\t\t\t\t<\/div>\n\t\t\t\t\t\t\t<\/div>\n\t\t<\/div>\n\t\t\n\t\t\n\t<div class=\"wpb_text_column wpb_content_element\" >\n\t\t<div class=\"wpb_wrapper\">\n\t\t\t<p style=\"font-size: 20px; font-weight: 400; text-align: center;\">Aluminum<\/p>\n\n\t\t<\/div>\n\t<\/div>\n<\/div><\/div><\/div><\/div><div class=\"vc_row wpb_row vc_inner vc_row-fluid vc_custom_1615399002252 vc_column-gap-30\"><div class=\"wpb_column alt-max vc_column_container vc_col-sm-3\"><div class=\"vc_column-inner\"><div class=\"wpb_wrapper\">\t\t<div class=\"promo-banner-wrapper\">\n\t\t\t<div id=\"wd-6441a49a5c048\" class=\"promo-banner banner-vr-align-bottom banner-hr-align-right banner- banner-hover-zoom color-scheme-light banner-btn-size-default banner-btn-style-default wd-display-image banner-increased-padding  cursor-pointer\" onclick=\"window.location.href='http:\/\/texoint.com\/us\/tuberia-estructural\/'\" >\n\n\t\t\t\t<div class=\"main-wrapp-img\">\n\t\t\t\t\t\t\t\t\t\t\t<div class=\"banner-image\">\n\t\t\t\t\t\t\t<img class=\"promo-banner-image\" src=\"https:\/\/texoint.com\/wp-content\/uploads\/2020\/12\/3.jpg\" width=\"600\" height=\"438\" alt=\"3\" title=\"3\" \/>\t\t\t\t\t\t<\/div>\n\t\t\t\t\t\t\t\t\t<\/div>\n\n\t\t\t\t<div class=\"wrapper-content-banner\">\n\t\t\t\t\t<div class=\"content-banner text-right content-width-100\">\n\t\t\t\t\t\t\t<div class=\"banner-title-wrap banner-title-default\"><\/div>\n\t\t\t\t\t\t\t\t\t\t\t\t\t\t\t\t\t<\/div>\n\t\t\t\t<\/div>\n\t\t\t\t\t\t\t<\/div>\n\t\t<\/div>\n\t\t\n\t\t\n\t<div class=\"wpb_text_column wpb_content_element\" >\n\t\t<div class=\"wpb_wrapper\">\n\t\t\t<p style=\"font-size: 20px; font-weight: 400; text-align: center;\" class=\" translation-block\">Structural<br>Pipe<\/p>\n\n\t\t<\/div>\n\t<\/div>\n<\/div><\/div><\/div><div class=\"wpb_column vc_column_container vc_col-sm-3\"><div class=\"vc_column-inner\"><div class=\"wpb_wrapper\">\t\t<div class=\"promo-banner-wrapper\">\n\t\t\t<div id=\"wd-6441a4a4e9567\" class=\"promo-banner banner-vr-align-bottom banner-hr-align-right banner- banner-hover-zoom color-scheme-light banner-btn-size-default banner-btn-style-default wd-display-image banner-increased-padding  cursor-pointer\" onclick=\"window.location.href='http:\/\/texoint.com\/us\/tuberia-de-cerramiento\/'\" >\n\n\t\t\t\t<div class=\"main-wrapp-img\">\n\t\t\t\t\t\t\t\t\t\t\t<div class=\"banner-image\">\n\t\t\t\t\t\t\t<img class=\"promo-banner-image\" src=\"https:\/\/texoint.com\/wp-content\/uploads\/2020\/12\/4.jpg\" width=\"600\" height=\"438\" alt=\"4\" title=\"4\" \/>\t\t\t\t\t\t<\/div>\n\t\t\t\t\t\t\t\t\t<\/div>\n\n\t\t\t\t<div class=\"wrapper-content-banner\">\n\t\t\t\t\t<div class=\"content-banner text-right content-width-100\">\n\t\t\t\t\t\t\t<div class=\"banner-title-wrap banner-title-default\"><\/div>\n\t\t\t\t\t\t\t\t\t\t\t\t\t\t\t\t\t<\/div>\n\t\t\t\t<\/div>\n\t\t\t\t\t\t\t<\/div>\n\t\t<\/div>\n\t\t\n\t\t\n\t<div class=\"wpb_text_column wpb_content_element\" >\n\t\t<div class=\"wpb_wrapper\">\n\t\t\t<p style=\"font-size: 20px; font-weight: 400; text-align: center;\" class=\" translation-block\">Fencing<br>Pipe<\/p>\n\n\t\t<\/div>\n\t<\/div>\n<\/div><\/div><\/div><div class=\"wpb_column vc_column_container vc_col-sm-3\"><div class=\"vc_column-inner\"><div class=\"wpb_wrapper\">\t\t<div class=\"promo-banner-wrapper\">\n\t\t\t<div id=\"wd-6441a6b029208\" class=\"promo-banner banner-vr-align-bottom banner-hr-align-right banner- banner-hover-zoom color-scheme-light banner-btn-size-default banner-btn-style-default wd-display-image banner-increased-padding  cursor-pointer\" onclick=\"window.location.href='https:\/\/texoint.com\/us\/tuberia-conduit-emt-imc\/'\" >\n\n\t\t\t\t<div class=\"main-wrapp-img\">\n\t\t\t\t\t\t\t\t\t\t\t<div class=\"banner-image\">\n\t\t\t\t\t\t\t<img class=\"promo-banner-image\" src=\"https:\/\/texoint.com\/wp-content\/uploads\/2023\/02\/Tuberia-Conduit.jpg\" width=\"600\" height=\"438\" alt=\"Tuberia-Conduit\" title=\"Tuberia-Conduit\" \/>\t\t\t\t\t\t<\/div>\n\t\t\t\t\t\t\t\t\t<\/div>\n\n\t\t\t\t<div class=\"wrapper-content-banner\">\n\t\t\t\t\t<div class=\"content-banner text-right content-width-100\">\n\t\t\t\t\t\t\t<div class=\"banner-title-wrap banner-title-default\"><\/div>\n\t\t\t\t\t\t\t\t\t\t\t\t\t\t\t\t\t<\/div>\n\t\t\t\t<\/div>\n\t\t\t\t\t\t\t<\/div>\n\t\t<\/div>\n\t\t\n\t\t\n\t<div class=\"wpb_text_column wpb_content_element\" >\n\t\t<div class=\"wpb_wrapper\">\n\t\t\t<p style=\"font-size: 20px; font-weight: 400; text-align: center;\">Emt &amp; imc conduit pipe<\/p>\n\n\t\t<\/div>\n\t<\/div>\n<\/div><\/div><\/div><div class=\"wpb_column vc_column_container vc_col-sm-3\"><div class=\"vc_column-inner\"><div class=\"wpb_wrapper\">\t\t<div class=\"promo-banner-wrapper\">\n\t\t\t<div id=\"wd-6441a4ba1043d\" class=\"promo-banner banner-vr-align-bottom banner-hr-align-right banner- banner-hover-zoom color-scheme-light banner-btn-size-default banner-btn-style-default wd-display-image banner-increased-padding  cursor-pointer\" onclick=\"window.location.href='http:\/\/texoint.com\/us\/perfileria\/'\" >\n\n\t\t\t\t<div class=\"main-wrapp-img\">\n\t\t\t\t\t\t\t\t\t\t\t<div class=\"banner-image\">\n\t\t\t\t\t\t\t<img class=\"promo-banner-image\" src=\"https:\/\/texoint.com\/wp-content\/uploads\/2021\/03\/perfileria.jpg\" width=\"600\" height=\"438\" alt=\"perfileria\" title=\"perfileria\" \/>\t\t\t\t\t\t<\/div>\n\t\t\t\t\t\t\t\t\t<\/div>\n\n\t\t\t\t<div class=\"wrapper-content-banner\">\n\t\t\t\t\t<div class=\"content-banner text-right content-width-100\">\n\t\t\t\t\t\t\t<div class=\"banner-title-wrap banner-title-default\"><\/div>\n\t\t\t\t\t\t\t\t\t\t\t\t\t\t\t\t\t<\/div>\n\t\t\t\t<\/div>\n\t\t\t\t\t\t\t<\/div>\n\t\t<\/div>\n\t\t\n\t\t\n\t<div class=\"wpb_text_column wpb_content_element\" >\n\t\t<div class=\"wpb_wrapper\">\n\t\t\t<p style=\"font-size: 20px; font-weight: 400; text-align: center;\">Profiles \/ Bars<\/p>\n\n\t\t<\/div>\n\t<\/div>\n<\/div><\/div><\/div><\/div><div class=\"vc_row wpb_row vc_inner vc_row-fluid vc_custom_1615399002252 vc_column-gap-30\"><div class=\"wpb_column alt-max vc_column_container vc_col-sm-3\"><div class=\"vc_column-inner\"><div class=\"wpb_wrapper\">\t\t<div class=\"promo-banner-wrapper\">\n\t\t\t<div id=\"wd-6441a4ec6a22b\" class=\"promo-banner banner-vr-align-bottom banner-hr-align-right banner- banner-hover-zoom color-scheme-light banner-btn-size-default banner-btn-style-default wd-display-image banner-increased-padding  cursor-pointer\" onclick=\"window.location.href='http:\/\/texoint.com\/us\/vigas\/'\" >\n\n\t\t\t\t<div class=\"main-wrapp-img\">\n\t\t\t\t\t\t\t\t\t\t\t<div class=\"banner-image\">\n\t\t\t\t\t\t\t<img class=\"promo-banner-image\" src=\"https:\/\/texoint.com\/wp-content\/uploads\/2020\/12\/1.jpg\" width=\"600\" height=\"438\" alt=\"1\" title=\"1\" \/>\t\t\t\t\t\t<\/div>\n\t\t\t\t\t\t\t\t\t<\/div>\n\n\t\t\t\t<div class=\"wrapper-content-banner\">\n\t\t\t\t\t<div class=\"content-banner text-right content-width-100\">\n\t\t\t\t\t\t\t<div class=\"banner-title-wrap banner-title-default\"><\/div>\n\t\t\t\t\t\t\t\t\t\t\t\t\t\t\t\t\t<\/div>\n\t\t\t\t<\/div>\n\t\t\t\t\t\t\t<\/div>\n\t\t<\/div>\n\t\t\n\t\t\n\t<div class=\"wpb_text_column wpb_content_element\" >\n\t\t<div class=\"wpb_wrapper\">\n\t\t\t<p style=\"font-size: 20px; font-weight: 400; text-align: center;\">Beams<\/p>\n\n\t\t<\/div>\n\t<\/div>\n<\/div><\/div><\/div><div class=\"wpb_column vc_column_container vc_col-sm-3\"><div class=\"vc_column-inner\"><div class=\"wpb_wrapper\">\t\t<div class=\"promo-banner-wrapper\">\n\t\t\t<div id=\"wd-6441a4fc671b5\" class=\"promo-banner banner-vr-align-bottom banner-hr-align-right banner- banner-hover-zoom color-scheme-light banner-btn-size-default banner-btn-style-default wd-display-image banner-increased-padding  cursor-pointer\" onclick=\"window.location.href='http:\/\/texoint.com\/us\/canales\/'\" >\n\n\t\t\t\t<div class=\"main-wrapp-img\">\n\t\t\t\t\t\t\t\t\t\t\t<div class=\"banner-image\">\n\t\t\t\t\t\t\t<img class=\"promo-banner-image\" src=\"https:\/\/texoint.com\/wp-content\/uploads\/2020\/12\/2.jpg\" width=\"600\" height=\"438\" alt=\"2\" title=\"2\" \/>\t\t\t\t\t\t<\/div>\n\t\t\t\t\t\t\t\t\t<\/div>\n\n\t\t\t\t<div class=\"wrapper-content-banner\">\n\t\t\t\t\t<div class=\"content-banner text-right content-width-100\">\n\t\t\t\t\t\t\t<div class=\"banner-title-wrap banner-title-default\"><\/div>\n\t\t\t\t\t\t\t\t\t\t\t\t\t\t\t\t\t<\/div>\n\t\t\t\t<\/div>\n\t\t\t\t\t\t\t<\/div>\n\t\t<\/div>\n\t\t\n\t\t\n\t<div class=\"wpb_text_column wpb_content_element\" >\n\t\t<div class=\"wpb_wrapper\">\n\t\t\t<p style=\"font-size: 20px; font-weight: 400; text-align: center;\">Channels<\/p>\n\n\t\t<\/div>\n\t<\/div>\n<\/div><\/div><\/div><div class=\"wpb_column vc_column_container vc_col-sm-3\"><div class=\"vc_column-inner\"><div class=\"wpb_wrapper\">\t\t<div class=\"promo-banner-wrapper\">\n\t\t\t<div id=\"wd-6441a5ebe2c98\" class=\"promo-banner banner-vr-align-bottom banner-hr-align-right banner- banner-hover-zoom color-scheme-light banner-btn-size-default banner-btn-style-default wd-display-image banner-increased-padding  cursor-pointer\" onclick=\"window.location.href='https:\/\/texoint.com\/us\/alambres\/'\" >\n\n\t\t\t\t<div class=\"main-wrapp-img\">\n\t\t\t\t\t\t\t\t\t\t\t<div class=\"banner-image\">\n\t\t\t\t\t\t\t<img class=\"promo-banner-image\" src=\"https:\/\/texoint.com\/wp-content\/uploads\/2023\/02\/Alambre.jpg\" width=\"600\" height=\"438\" alt=\"Alambre\" title=\"Alambre\" \/>\t\t\t\t\t\t<\/div>\n\t\t\t\t\t\t\t\t\t<\/div>\n\n\t\t\t\t<div class=\"wrapper-content-banner\">\n\t\t\t\t\t<div class=\"content-banner text-right content-width-100\">\n\t\t\t\t\t\t\t<div class=\"banner-title-wrap banner-title-default\"><\/div>\n\t\t\t\t\t\t\t\t\t\t\t\t\t\t\t\t\t<\/div>\n\t\t\t\t<\/div>\n\t\t\t\t\t\t\t<\/div>\n\t\t<\/div>\n\t\t\n\t\t\n\t<div class=\"wpb_text_column wpb_content_element\" >\n\t\t<div class=\"wpb_wrapper\">\n\t\t\t<p style=\"font-size: 20px; font-weight: 400; text-align: center;\">Wires<\/p>\n\n\t\t<\/div>\n\t<\/div>\n<\/div><\/div><\/div><div class=\"wpb_column vc_column_container vc_col-sm-3\"><div class=\"vc_column-inner\"><div class=\"wpb_wrapper\"><\/div><\/div><\/div><\/div><\/div><\/div><\/div><\/div>","protected":false},"excerpt":{"rendered":"L\u00e1mina Prepintada Galvanizada y Galvalume L\u00e1mina Galvanizada y Galvalume Teja Galvanizada y Galvalume Teja Prepintada Galvanizada y Galvalume L\u00e1mina Hot","protected":false},"author":4,"featured_media":0,"parent":0,"menu_order":0,"comment_status":"closed","ping_status":"closed","template":"","meta":{"_monsterinsights_skip_tracking":false,"_monsterinsights_sitenote_active":false,"_monsterinsights_sitenote_note":"","_monsterinsights_sitenote_category":0},"_links":{"self":[{"href":"https:\/\/texoint.com\/us\/wp-json\/wp\/v2\/pages\/1526"}],"collection":[{"href":"https:\/\/texoint.com\/us\/wp-json\/wp\/v2\/pages"}],"about":[{"href":"https:\/\/texoint.com\/us\/wp-json\/wp\/v2\/types\/page"}],"author":[{"embeddable":true,"href":"https:\/\/texoint.com\/us\/wp-json\/wp\/v2\/users\/4"}],"replies":[{"embeddable":true,"href":"https:\/\/texoint.com\/us\/wp-json\/wp\/v2\/comments?post=1526"}],"version-history":[{"count":19,"href":"https:\/\/texoint.com\/us\/wp-json\/wp\/v2\/pages\/1526\/revisions"}],"predecessor-version":[{"id":3230,"href":"https:\/\/texoint.com\/us\/wp-json\/wp\/v2\/pages\/1526\/revisions\/3230"}],"wp:attachment":[{"href":"https:\/\/texoint.com\/us\/wp-json\/wp\/v2\/media?parent=1526"}],"curies":[{"name":"wp","href":"https:\/\/api.w.org\/{rel}","templated":true}]}}