{"id":2935,"date":"2023-02-23T13:44:06","date_gmt":"2023-02-23T18:44:06","guid":{"rendered":"https:\/\/texoint.com\/?page_id=2935"},"modified":"2023-03-03T15:47:48","modified_gmt":"2023-03-03T20:47:48","slug":"aluminio","status":"publish","type":"page","link":"https:\/\/texoint.com\/us\/aluminio\/","title":{"rendered":"Aluminum"},"content":{"rendered":"<div data-vc-full-width=\"true\" data-vc-full-width-init=\"false\" class=\"vc_row wpb_row vc_row-fluid vc_custom_1677876262125 vc_row-has-fill\"><div class=\"wpb_column vc_column_container vc_col-sm-6\"><div class=\"vc_column-inner\"><div class=\"wpb_wrapper\"><\/div><\/div><\/div><div class=\"wpb_column vc_column_container vc_col-sm-6\"><div class=\"vc_column-inner\"><div class=\"wpb_wrapper\">\n\t<div class=\"wpb_text_column wpb_content_element vc_custom_1677177577711\" >\n\t\t<div class=\"wpb_wrapper\">\n\t\t\t<h1><span class=\"big-title\" style=\"color: #ffffff; font-size: 80px;\">Aluminum<\/span><\/h1>\n<h1><span style=\"color: #ffffff;\">Known for its high corrosion resistance and low weight, used in construction, automotive industry, appliances, packaging, electrical\ncomponents, etc.<br \/>\nelectrodom\u00e9sticos, envases, componentes el\u00e9ctricos, etc.<\/span><\/h1>\n\n\t\t<\/div>\n\t<\/div>\n<\/div><\/div><\/div><\/div><div class=\"vc_row-full-width vc_clearfix\"><\/div><div class=\"vc_row wpb_row vc_row-fluid vc_row-o-content-middle vc_row-flex\"><div class=\"wpb_column vc_column_container vc_col-sm-3\"><div class=\"vc_column-inner\"><div class=\"wpb_wrapper\">\n\t<div  data-parallax=\"{\"y\":80,\"smoothness\":30}\" class=\"wpb_single_image wpb_content_element vc_align_center\">\n\t\t\n\t\t<figure class=\"wpb_wrapper vc_figure\">\n\t\t\t<div class=\"vc_single_image-wrapper   vc_box_border_grey\"><img width=\"600\" height=\"438\" src=\"https:\/\/texoint.com\/wp-content\/uploads\/2023\/02\/Aluminio.jpg\" class=\"vc_single_image-img attachment-full\" alt=\"\" loading=\"lazy\" srcset=\"https:\/\/texoint.com\/wp-content\/uploads\/2023\/02\/Aluminio.jpg 600w, https:\/\/texoint.com\/wp-content\/uploads\/2023\/02\/Aluminio-300x219.jpg 300w, https:\/\/texoint.com\/wp-content\/uploads\/2023\/02\/Aluminio-16x12.jpg 16w\" sizes=\"(max-width: 600px) 100vw, 600px\" \/><\/div>\n\t\t<\/figure>\n\t<\/div>\n<\/div><\/div><\/div><div class=\"wpb_column vc_column_container vc_col-sm-9\"><div class=\"vc_column-inner vc_custom_1615238926605\"><div class=\"wpb_wrapper\">\n\t<div class=\"wpb_text_column wpb_content_element vc_custom_1677177646538\" >\n\t\t<div class=\"wpb_wrapper\">\n\t\t\t<h2><strong>Features.<\/strong><\/h2>\n<ul>\n<li>- Excellent corrosion resistance.<\/li>\n<li>- Good malleability and ductility.<\/li>\n<li>- Lightweight and high tensile strength.<\/li>\n<li>- Good thermal and electrical conductivity.<\/li>\n<li>- Good resistance to fatigue and deformation.<\/li>\n<li>- Wide variety of alloys available.<\/li>\n<li>- Easy to work and shape.<\/li>\n<\/ul>\n<p><strong style=\"color: #1b1919; font-size: 24px;\">Dimensions:<\/strong><\/p>\n<p>In roll: Thickness 0.01mm - 4mm \/ Width 50mm - 1620mm<br \/>\nIn sheet: Thickness 0.16mm - 5.9mm \/ Width 500mm - 1600mm \/ Length 2438mm - 3658mm<br \/>\nIn plate: Thickness 6mm - 200mm \/ Width 500mm - 1550mm \/ Length 1000mm - 7000mm<br \/>\nIn disks: Thickness 0.3mm - 6mm \/ Diameters 100mm - 1600\"<\/p>\n\n\t\t<\/div>\n\t<\/div>\n<\/div><\/div><\/div><\/div>","protected":false},"excerpt":{"rendered":"Aluminio Conocido por su alta resistencia a la corrosi\u00f3n y su bajo peso, utilizado en la construcci\u00f3n, industria automotriz, electrodom\u00e9sticos,","protected":false},"author":9,"featured_media":0,"parent":0,"menu_order":0,"comment_status":"closed","ping_status":"closed","template":"","meta":{"_monsterinsights_skip_tracking":false,"_monsterinsights_sitenote_active":false,"_monsterinsights_sitenote_note":"","_monsterinsights_sitenote_category":0},"_links":{"self":[{"href":"https:\/\/texoint.com\/us\/wp-json\/wp\/v2\/pages\/2935"}],"collection":[{"href":"https:\/\/texoint.com\/us\/wp-json\/wp\/v2\/pages"}],"about":[{"href":"https:\/\/texoint.com\/us\/wp-json\/wp\/v2\/types\/page"}],"author":[{"embeddable":true,"href":"https:\/\/texoint.com\/us\/wp-json\/wp\/v2\/users\/9"}],"replies":[{"embeddable":true,"href":"https:\/\/texoint.com\/us\/wp-json\/wp\/v2\/comments?post=2935"}],"version-history":[{"count":2,"href":"https:\/\/texoint.com\/us\/wp-json\/wp\/v2\/pages\/2935\/revisions"}],"predecessor-version":[{"id":3143,"href":"https:\/\/texoint.com\/us\/wp-json\/wp\/v2\/pages\/2935\/revisions\/3143"}],"wp:attachment":[{"href":"https:\/\/texoint.com\/us\/wp-json\/wp\/v2\/media?parent=2935"}],"curies":[{"name":"wp","href":"https:\/\/api.w.org\/{rel}","templated":true}]}}